{"id":331,"date":"2022-04-01T07:38:50","date_gmt":"2022-04-01T06:38:50","guid":{"rendered":"http:\/\/www.iesagora.es\/wordpress\/?page_id=331"},"modified":"2022-04-01T08:27:38","modified_gmt":"2022-04-01T07:27:38","slug":"pagina-de-prueba","status":"publish","type":"page","link":"https:\/\/www.iesagora.es\/wordpress\/pagina-de-prueba\/","title":{"rendered":"Educamos en Igualdad"},"content":{"rendered":"<h3 style=\"text-align: left;\"><img loading=\"lazy\" class=\"alignnone  wp-image-310\" src=\"http:\/\/www.iesagora.es\/wordpress\/wp-content\/uploads\/2022\/03\/coeducacion-300x225.jpg\" alt=\"\" width=\"129\" height=\"97\" srcset=\"https:\/\/www.iesagora.es\/wordpress\/wp-content\/uploads\/2022\/03\/coeducacion-300x225.jpg 300w, https:\/\/www.iesagora.es\/wordpress\/wp-content\/uploads\/2022\/03\/coeducacion-768x576.jpg 768w, https:\/\/www.iesagora.es\/wordpress\/wp-content\/uploads\/2022\/03\/coeducacion.jpg 800w\" sizes=\"(max-width: 129px) 85vw, 129px\" \/>Fomentamos la educaci\u00f3n en igualdad desde las aulas<\/h3>\n<blockquote>\n<p style=\"text-align: left;\">Coeducar es educar bajo un modelo libre de machismo, de sexismo y, por tanto, de violencias machistas. Es la educaci\u00f3n en igualdad, es decir, claramente feminista. Es superar los estereotipos, las desigualdades impuestas socialmente para ni\u00f1os y ni\u00f1as desde el androcentrismo dominante.<\/p>\n<\/blockquote>\n<p><em>(Roc\u00edo Niebla, el Pa\u00eds)<\/em><\/p>\n","protected":false},"excerpt":{"rendered":"<p>Fomentamos la educaci\u00f3n en igualdad desde las aulas Coeducar es educar bajo un modelo libre de machismo, de sexismo y, por tanto, de violencias machistas. Es la educaci\u00f3n en igualdad, es decir, claramente feminista. Es superar los estereotipos, las desigualdades impuestas socialmente para ni\u00f1os y ni\u00f1as desde el androcentrismo dominante. (Roc\u00edo Niebla, el Pa\u00eds)<\/p>\n","protected":false},"author":1,"featured_media":0,"parent":0,"menu_order":0,"comment_status":"closed","ping_status":"closed","template":"","meta":{"_expiration-date-status":"","_expiration-date":0,"_expiration-date-type":"","_expiration-date-categories":[],"_expiration-date-options":[]},"_links":{"self":[{"href":"https:\/\/www.iesagora.es\/wordpress\/wp-json\/wp\/v2\/pages\/331"}],"collection":[{"href":"https:\/\/www.iesagora.es\/wordpress\/wp-json\/wp\/v2\/pages"}],"about":[{"href":"https:\/\/www.iesagora.es\/wordpress\/wp-json\/wp\/v2\/types\/page"}],"author":[{"embeddable":true,"href":"https:\/\/www.iesagora.es\/wordpress\/wp-json\/wp\/v2\/users\/1"}],"replies":[{"embeddable":true,"href":"https:\/\/www.iesagora.es\/wordpress\/wp-json\/wp\/v2\/comments?post=331"}],"version-history":[{"count":4,"href":"https:\/\/www.iesagora.es\/wordpress\/wp-json\/wp\/v2\/pages\/331\/revisions"}],"predecessor-version":[{"id":345,"href":"https:\/\/www.iesagora.es\/wordpress\/wp-json\/wp\/v2\/pages\/331\/revisions\/345"}],"wp:attachment":[{"href":"https:\/\/www.iesagora.es\/wordpress\/wp-json\/wp\/v2\/media?parent=331"}],"curies":[{"name":"wp","href":"https:\/\/api.w.org\/{rel}","templated":true}]}}